{"id":8,"date":"2024-05-28T11:01:17","date_gmt":"2024-05-28T11:01:17","guid":{"rendered":"http:\/\/mariacasascv.es\/?page_id=8"},"modified":"2024-06-25T18:47:33","modified_gmt":"2024-06-25T18:47:33","slug":"inicio","status":"publish","type":"page","link":"https:\/\/mariacasascv.es\/","title":{"rendered":"Inicio"},"content":{"rendered":"<style>.kb-row-layout-id8_e519f5-a5 > .kt-row-column-wrap{align-content:start;}:where(.kb-row-layout-id8_e519f5-a5 > .kt-row-column-wrap) > .wp-block-kadence-column{justify-content:start;}.kb-row-layout-id8_e519f5-a5 > .kt-row-column-wrap{column-gap:var(--global-kb-gap-md, 2rem);row-gap:var(--global-kb-gap-md, 2rem);padding-top:var(--global-kb-spacing-sm, 1.5rem);padding-bottom:var(--global-kb-spacing-sm, 1.5rem);grid-template-columns:minmax(0, 1fr);}.kb-row-layout-id8_e519f5-a5 > .kt-row-layout-overlay{opacity:0.30;}@media all and (max-width: 1024px){.kb-row-layout-id8_e519f5-a5 > .kt-row-column-wrap{grid-template-columns:minmax(0, 1fr);}}@media all and (max-width: 767px){.kb-row-layout-id8_e519f5-a5 > .kt-row-column-wrap{grid-template-columns:minmax(0, 1fr);}}<\/style><div class=\"kb-row-layout-wrap kb-row-layout-id8_e519f5-a5 alignnone wp-block-kadence-rowlayout\"><div class=\"kt-row-column-wrap kt-has-1-columns kt-row-layout-equal kt-tab-layout-inherit kt-mobile-layout-row kt-row-valign-top\">\n<style>.kadence-column8_24c4fa-85 > .kt-inside-inner-col,.kadence-column8_24c4fa-85 > .kt-inside-inner-col:before{border-top-left-radius:0px;border-top-right-radius:0px;border-bottom-right-radius:0px;border-bottom-left-radius:0px;}.kadence-column8_24c4fa-85 > .kt-inside-inner-col{column-gap:var(--global-kb-gap-sm, 1rem);}.kadence-column8_24c4fa-85 > .kt-inside-inner-col{flex-direction:column;}.kadence-column8_24c4fa-85 > .kt-inside-inner-col > .aligncenter{width:100%;}.kadence-column8_24c4fa-85 > .kt-inside-inner-col:before{opacity:0.3;}.kadence-column8_24c4fa-85{position:relative;}@media all and (max-width: 1024px){.kadence-column8_24c4fa-85 > .kt-inside-inner-col{flex-direction:column;}}@media all and (max-width: 767px){.kadence-column8_24c4fa-85 > .kt-inside-inner-col{flex-direction:column;}}<\/style>\n<div class=\"wp-block-kadence-column kadence-column8_24c4fa-85\"><div class=\"kt-inside-inner-col\"><style>.wp-block-kadence-advancedheading.kt-adv-heading8_18e8a3-11, .wp-block-kadence-advancedheading.kt-adv-heading8_18e8a3-11[data-kb-block=\"kb-adv-heading8_18e8a3-11\"]{text-align:center;font-size:var(--global-kb-font-size-xxl, 4rem);font-weight:400;font-style:normal;font-family:'Baloo 2';color:#f8d1f7;text-shadow:1px 1px 1px rgba(0, 0, 0, 0.2);}.wp-block-kadence-advancedheading.kt-adv-heading8_18e8a3-11 mark.kt-highlight, .wp-block-kadence-advancedheading.kt-adv-heading8_18e8a3-11[data-kb-block=\"kb-adv-heading8_18e8a3-11\"] mark.kt-highlight{font-style:normal;color:#f76a0c;-webkit-box-decoration-break:clone;box-decoration-break:clone;padding-top:0px;padding-right:0px;padding-bottom:0px;padding-left:0px;}@media all and (max-width: 1024px){.wp-block-kadence-advancedheading.kt-adv-heading8_18e8a3-11, .wp-block-kadence-advancedheading.kt-adv-heading8_18e8a3-11[data-kb-block=\"kb-adv-heading8_18e8a3-11\"]{text-shadow:1px 1px 1px rgba(0, 0, 0, 0.2);}}@media all and (max-width: 767px){.wp-block-kadence-advancedheading.kt-adv-heading8_18e8a3-11, .wp-block-kadence-advancedheading.kt-adv-heading8_18e8a3-11[data-kb-block=\"kb-adv-heading8_18e8a3-11\"]{text-shadow:1px 1px 1px rgba(0, 0, 0, 0.2);}}<\/style>\n<h2 class=\"kt-adv-heading8_18e8a3-11 wp-block-kadence-advancedheading\" data-kb-block=\"kb-adv-heading8_18e8a3-11\">DISE\u00d1ADORA GR\u00c1FICA<\/h2>\n<\/div><\/div>\n\n<\/div><\/div>\n\n<style>.kb-row-layout-id8_235002-45 > .kt-row-column-wrap{align-content:start;}:where(.kb-row-layout-id8_235002-45 > .kt-row-column-wrap) > .wp-block-kadence-column{justify-content:start;}.kb-row-layout-id8_235002-45 > .kt-row-column-wrap{column-gap:var(--global-kb-gap-md, 2rem);row-gap:var(--global-kb-gap-md, 2rem);padding-top:var(--global-kb-spacing-sm, 1.5rem);padding-bottom:var(--global-kb-spacing-sm, 1.5rem);grid-template-columns:minmax(0, 1fr);}.kb-row-layout-id8_235002-45{border-top-left-radius:87px;border-bottom-right-radius:87px;overflow:clip;isolation:isolate;}.kb-row-layout-id8_235002-45 > .kt-row-layout-overlay{border-top-left-radius:87px;border-bottom-right-radius:87px;}.kb-row-layout-id8_235002-45{background-color:#f8d1f7;}.kb-row-layout-id8_235002-45 > .kt-row-layout-overlay{opacity:0.30;}@media all and (max-width: 1024px){.kb-row-layout-id8_235002-45 > .kt-row-column-wrap{grid-template-columns:minmax(0, 1fr);}}@media all and (max-width: 767px){.kb-row-layout-id8_235002-45 > .kt-row-column-wrap{grid-template-columns:minmax(0, 1fr);}}<\/style><div class=\"kb-row-layout-wrap kb-row-layout-id8_235002-45 alignnone kt-row-has-bg wp-block-kadence-rowlayout\"><div class=\"kt-row-column-wrap kt-has-1-columns kt-row-layout-equal kt-tab-layout-inherit kt-mobile-layout-row kt-row-valign-top\">\n<style>.kadence-column8_7c0b40-a1 > .kt-inside-inner-col,.kadence-column8_7c0b40-a1 > .kt-inside-inner-col:before{border-top-left-radius:0px;border-top-right-radius:0px;border-bottom-right-radius:0px;border-bottom-left-radius:0px;}.kadence-column8_7c0b40-a1 > .kt-inside-inner-col{column-gap:var(--global-kb-gap-sm, 1rem);}.kadence-column8_7c0b40-a1 > .kt-inside-inner-col{flex-direction:column;}.kadence-column8_7c0b40-a1 > .kt-inside-inner-col > .aligncenter{width:100%;}.kadence-column8_7c0b40-a1 > .kt-inside-inner-col:before{opacity:0.3;}.kadence-column8_7c0b40-a1{position:relative;}@media all and (max-width: 1024px){.kadence-column8_7c0b40-a1 > .kt-inside-inner-col{flex-direction:column;}}@media all and (max-width: 767px){.kadence-column8_7c0b40-a1 > .kt-inside-inner-col{flex-direction:column;}}<\/style>\n<div class=\"wp-block-kadence-column kadence-column8_7c0b40-a1\"><div class=\"kt-inside-inner-col\"><style>.kb-row-layout-id8_45f6d5-29 > .kt-row-column-wrap{align-content:start;}:where(.kb-row-layout-id8_45f6d5-29 > .kt-row-column-wrap) > .wp-block-kadence-column{justify-content:start;}.kb-row-layout-id8_45f6d5-29 > .kt-row-column-wrap{column-gap:var(--global-kb-gap-md, 2rem);row-gap:var(--global-kb-gap-md, 2rem);padding-top:var(--global-kb-spacing-sm, 1.5rem);padding-bottom:var(--global-kb-spacing-sm, 1.5rem);grid-template-columns:minmax(0, calc(30% - ((var(--global-kb-gap-md, 2rem) * 1 )\/2)))minmax(0, calc(70% - ((var(--global-kb-gap-md, 2rem) * 1 )\/2)));}.kb-row-layout-id8_45f6d5-29 > .kt-row-layout-overlay{opacity:0.30;}@media all and (max-width: 1024px){.kb-row-layout-id8_45f6d5-29 > .kt-row-column-wrap{grid-template-columns:minmax(0, 1fr) minmax(0, 2fr);}}@media all and (max-width: 767px){.kb-row-layout-id8_45f6d5-29 > .kt-row-column-wrap{grid-template-columns:minmax(0, 1fr);}}<\/style><div class=\"kb-row-layout-wrap kb-row-layout-id8_45f6d5-29 alignnone wp-block-kadence-rowlayout\"><div class=\"kt-row-column-wrap kt-has-2-columns kt-row-layout-right-golden kt-tab-layout-inherit kt-mobile-layout-row kt-row-valign-top\">\n<style>.kadence-column8_208905-57 > .kt-inside-inner-col,.kadence-column8_208905-57 > .kt-inside-inner-col:before{border-top-left-radius:0px;border-top-right-radius:0px;border-bottom-right-radius:0px;border-bottom-left-radius:0px;}.kadence-column8_208905-57 > .kt-inside-inner-col{column-gap:var(--global-kb-gap-sm, 1rem);}.kadence-column8_208905-57 > .kt-inside-inner-col{flex-direction:column;}.kadence-column8_208905-57 > .kt-inside-inner-col > .aligncenter{width:100%;}.kadence-column8_208905-57 > .kt-inside-inner-col:before{opacity:0.3;}.kadence-column8_208905-57{position:relative;}@media all and (max-width: 1024px){.kadence-column8_208905-57 > .kt-inside-inner-col{flex-direction:column;}}@media all and (max-width: 767px){.kadence-column8_208905-57 > .kt-inside-inner-col{flex-direction:column;}}<\/style>\n<div class=\"wp-block-kadence-column kadence-column8_208905-57\"><div class=\"kt-inside-inner-col\"><style>.kb-image8_9da4f6-ee.kb-image-is-ratio-size, .kb-image8_9da4f6-ee .kb-image-is-ratio-size{max-width:193px;width:100%;}.wp-block-kadence-column > .kt-inside-inner-col > .kb-image8_9da4f6-ee.kb-image-is-ratio-size, .wp-block-kadence-column > .kt-inside-inner-col > .kb-image8_9da4f6-ee .kb-image-is-ratio-size{align-self:unset;}.kb-image8_9da4f6-ee figure{max-width:193px;}.kb-image8_9da4f6-ee .image-is-svg, .kb-image8_9da4f6-ee .image-is-svg img{width:100%;}.kb-image8_9da4f6-ee .kb-image-has-overlay:after{opacity:0.3;}<\/style>\n<div class=\"wp-block-kadence-image kb-image8_9da4f6-ee\"><figure class=\"aligncenter\"><img loading=\"lazy\" decoding=\"async\" width=\"150\" height=\"331\" src=\"http:\/\/mariacasascv.es\/wp-content\/uploads\/2024\/05\/cropped-Foto-monatada-liechentein-capas-copia-2-e1717146129178.png\" alt=\"foto maria\" class=\"kb-img wp-image-27\"\/><\/figure><\/div>\n<\/div><\/div>\n\n\n<style>.kadence-column8_70aea3-41 > .kt-inside-inner-col,.kadence-column8_70aea3-41 > .kt-inside-inner-col:before{border-top-left-radius:0px;border-top-right-radius:0px;border-bottom-right-radius:0px;border-bottom-left-radius:0px;}.kadence-column8_70aea3-41 > .kt-inside-inner-col{column-gap:var(--global-kb-gap-sm, 1rem);}.kadence-column8_70aea3-41 > .kt-inside-inner-col{flex-direction:column;}.kadence-column8_70aea3-41 > .kt-inside-inner-col > .aligncenter{width:100%;}.kadence-column8_70aea3-41 > .kt-inside-inner-col:before{opacity:0.3;}.kadence-column8_70aea3-41{position:relative;}@media all and (max-width: 1024px){.kadence-column8_70aea3-41 > .kt-inside-inner-col{flex-direction:column;}}@media all and (max-width: 767px){.kadence-column8_70aea3-41 > .kt-inside-inner-col{flex-direction:column;}}<\/style>\n<div class=\"wp-block-kadence-column kadence-column8_70aea3-41\"><div class=\"kt-inside-inner-col\"><style>.wp-block-kadence-advancedheading.kt-adv-heading8_0f2f21-65, .wp-block-kadence-advancedheading.kt-adv-heading8_0f2f21-65[data-kb-block=\"kb-adv-heading8_0f2f21-65\"]{text-align:center;font-weight:400;font-style:normal;font-family:'Architects Daughter';}.wp-block-kadence-advancedheading.kt-adv-heading8_0f2f21-65 mark.kt-highlight, .wp-block-kadence-advancedheading.kt-adv-heading8_0f2f21-65[data-kb-block=\"kb-adv-heading8_0f2f21-65\"] mark.kt-highlight{font-style:normal;color:#f76a0c;-webkit-box-decoration-break:clone;box-decoration-break:clone;padding-top:0px;padding-right:0px;padding-bottom:0px;padding-left:0px;}<\/style>\n<h2 class=\"kt-adv-heading8_0f2f21-65 wp-block-kadence-advancedheading\" data-kb-block=\"kb-adv-heading8_0f2f21-65\">\u00bfQui\u00e9n soy yo?<\/h2>\n\n\n<style>.kb-row-layout-id8_abe03f-5d > .kt-row-column-wrap{align-content:start;}:where(.kb-row-layout-id8_abe03f-5d > .kt-row-column-wrap) > .wp-block-kadence-column{justify-content:start;}.kb-row-layout-id8_abe03f-5d > .kt-row-column-wrap{column-gap:var(--global-kb-gap-md, 2rem);row-gap:var(--global-kb-gap-md, 2rem);padding-top:var(--global-kb-spacing-sm, 1.5rem);padding-bottom:var(--global-kb-spacing-sm, 1.5rem);grid-template-columns:minmax(0, calc(40% - ((var(--global-kb-gap-md, 2rem) * 1 )\/2)))minmax(0, calc(60% - ((var(--global-kb-gap-md, 2rem) * 1 )\/2)));}.kb-row-layout-id8_abe03f-5d > .kt-row-layout-overlay{opacity:0.30;}@media all and (max-width: 1024px){.kb-row-layout-id8_abe03f-5d > .kt-row-column-wrap{grid-template-columns:repeat(2, minmax(0, 1fr));}}@media all and (max-width: 767px){.kb-row-layout-id8_abe03f-5d > .kt-row-column-wrap{grid-template-columns:minmax(0, 1fr);}}<\/style><div class=\"kb-row-layout-wrap kb-row-layout-id8_abe03f-5d alignnone wp-block-kadence-rowlayout\"><div class=\"kt-row-column-wrap kt-has-2-columns kt-row-layout-equal kt-tab-layout-inherit kt-mobile-layout-row kt-row-valign-top\">\n<style>.kadence-column8_895a1a-3d > .kt-inside-inner-col{display:flex;}.kadence-column8_895a1a-3d > .kt-inside-inner-col,.kadence-column8_895a1a-3d > .kt-inside-inner-col:before{border-top-left-radius:0px;border-top-right-radius:0px;border-bottom-right-radius:0px;border-bottom-left-radius:0px;}.kadence-column8_895a1a-3d > .kt-inside-inner-col{column-gap:var(--global-kb-gap-sm, 1rem);}.kadence-column8_895a1a-3d > .kt-inside-inner-col{flex-direction:column;justify-content:center;}.kadence-column8_895a1a-3d > .kt-inside-inner-col > .aligncenter{width:100%;}.kt-row-column-wrap > .kadence-column8_895a1a-3d{align-self:center;}.kt-inner-column-height-full:not(.kt-has-1-columns) > .wp-block-kadence-column.kadence-column8_895a1a-3d{align-self:auto;}.kt-inner-column-height-full:not(.kt-has-1-columns) > .wp-block-kadence-column.kadence-column8_895a1a-3d > .kt-inside-inner-col{flex-direction:column;justify-content:center;}.kadence-column8_895a1a-3d > .kt-inside-inner-col:before{opacity:0.3;}.kadence-column8_895a1a-3d{position:relative;}@media all and (max-width: 1024px){.kt-row-column-wrap > .kadence-column8_895a1a-3d{align-self:center;}}@media all and (max-width: 1024px){.kt-inner-column-height-full:not(.kt-has-1-columns) > .wp-block-kadence-column.kadence-column8_895a1a-3d{align-self:auto;}}@media all and (max-width: 1024px){.kt-inner-column-height-full:not(.kt-has-1-columns) > .wp-block-kadence-column.kadence-column8_895a1a-3d > .kt-inside-inner-col{flex-direction:column;justify-content:center;}}@media all and (max-width: 1024px){.kadence-column8_895a1a-3d > .kt-inside-inner-col{flex-direction:column;}}@media all and (max-width: 767px){.kt-row-column-wrap > .kadence-column8_895a1a-3d{align-self:center;}.kt-inner-column-height-full:not(.kt-has-1-columns) > .wp-block-kadence-column.kadence-column8_895a1a-3d{align-self:auto;}.kt-inner-column-height-full:not(.kt-has-1-columns) > .wp-block-kadence-column.kadence-column8_895a1a-3d > .kt-inside-inner-col{flex-direction:column;justify-content:center;}.kadence-column8_895a1a-3d > .kt-inside-inner-col{flex-direction:column;}}<\/style>\n<div class=\"wp-block-kadence-column kadence-column8_895a1a-3d\"><div class=\"kt-inside-inner-col\"><style>.wp-block-kadence-advancedheading.kt-adv-heading8_e534dc-1d, .wp-block-kadence-advancedheading.kt-adv-heading8_e534dc-1d[data-kb-block=\"kb-adv-heading8_e534dc-1d\"]{text-align:right;font-size:20px;font-weight:400;font-style:normal;font-family:'Baloo Tammudu 2';}.wp-block-kadence-advancedheading.kt-adv-heading8_e534dc-1d mark.kt-highlight, .wp-block-kadence-advancedheading.kt-adv-heading8_e534dc-1d[data-kb-block=\"kb-adv-heading8_e534dc-1d\"] mark.kt-highlight{font-style:normal;color:#f76a0c;-webkit-box-decoration-break:clone;box-decoration-break:clone;padding-top:0px;padding-right:0px;padding-bottom:0px;padding-left:0px;}<\/style>\n<h3 class=\"kt-adv-heading8_e534dc-1d wp-block-kadence-advancedheading\" data-kb-block=\"kb-adv-heading8_e534dc-1d\">Mi nombre es <\/h3>\n<\/div><\/div>\n\n\n<style>.kadence-column8_2469a8-26 > .kt-inside-inner-col{display:flex;}.kadence-column8_2469a8-26 > .kt-inside-inner-col,.kadence-column8_2469a8-26 > .kt-inside-inner-col:before{border-top-left-radius:0px;border-top-right-radius:0px;border-bottom-right-radius:0px;border-bottom-left-radius:0px;}.kadence-column8_2469a8-26 > .kt-inside-inner-col{column-gap:var(--global-kb-gap-sm, 1rem);}.kadence-column8_2469a8-26 > .kt-inside-inner-col{flex-direction:column;justify-content:center;}.kadence-column8_2469a8-26 > .kt-inside-inner-col > .aligncenter{width:100%;}.kt-row-column-wrap > .kadence-column8_2469a8-26{align-self:center;}.kt-inner-column-height-full:not(.kt-has-1-columns) > .wp-block-kadence-column.kadence-column8_2469a8-26{align-self:auto;}.kt-inner-column-height-full:not(.kt-has-1-columns) > .wp-block-kadence-column.kadence-column8_2469a8-26 > .kt-inside-inner-col{flex-direction:column;justify-content:center;}.kadence-column8_2469a8-26 > .kt-inside-inner-col:before{opacity:0.3;}.kadence-column8_2469a8-26{position:relative;}@media all and (max-width: 1024px){.kt-row-column-wrap > .kadence-column8_2469a8-26{align-self:center;}}@media all and (max-width: 1024px){.kt-inner-column-height-full:not(.kt-has-1-columns) > .wp-block-kadence-column.kadence-column8_2469a8-26{align-self:auto;}}@media all and (max-width: 1024px){.kt-inner-column-height-full:not(.kt-has-1-columns) > .wp-block-kadence-column.kadence-column8_2469a8-26 > .kt-inside-inner-col{flex-direction:column;justify-content:center;}}@media all and (max-width: 1024px){.kadence-column8_2469a8-26 > .kt-inside-inner-col{flex-direction:column;}}@media all and (max-width: 767px){.kt-row-column-wrap > .kadence-column8_2469a8-26{align-self:center;}.kt-inner-column-height-full:not(.kt-has-1-columns) > .wp-block-kadence-column.kadence-column8_2469a8-26{align-self:auto;}.kt-inner-column-height-full:not(.kt-has-1-columns) > .wp-block-kadence-column.kadence-column8_2469a8-26 > .kt-inside-inner-col{flex-direction:column;justify-content:center;}.kadence-column8_2469a8-26 > .kt-inside-inner-col{flex-direction:column;}}<\/style>\n<div class=\"wp-block-kadence-column kadence-column8_2469a8-26\"><div class=\"kt-inside-inner-col\"><style>.wp-block-kadence-advancedheading.kt-adv-heading8_35d6a6-59, .wp-block-kadence-advancedheading.kt-adv-heading8_35d6a6-59[data-kb-block=\"kb-adv-heading8_35d6a6-59\"]{text-align:left;font-size:var(--global-kb-font-size-xl, 3rem);font-weight:400;font-style:normal;font-family:'Architects Daughter';}.wp-block-kadence-advancedheading.kt-adv-heading8_35d6a6-59 mark.kt-highlight, .wp-block-kadence-advancedheading.kt-adv-heading8_35d6a6-59[data-kb-block=\"kb-adv-heading8_35d6a6-59\"] mark.kt-highlight{font-style:normal;color:#f76a0c;-webkit-box-decoration-break:clone;box-decoration-break:clone;padding-top:0px;padding-right:0px;padding-bottom:0px;padding-left:0px;}<\/style>\n<h2 class=\"kt-adv-heading8_35d6a6-59 wp-block-kadence-advancedheading\" data-kb-block=\"kb-adv-heading8_35d6a6-59\">Mar\u00eda Casas<\/h2>\n<\/div><\/div>\n\n<\/div><\/div>\n\n<style>.wp-block-kadence-advancedheading.kt-adv-heading8_3d3a1c-85, .wp-block-kadence-advancedheading.kt-adv-heading8_3d3a1c-85[data-kb-block=\"kb-adv-heading8_3d3a1c-85\"]{font-size:var(--global-kb-font-size-md, 1.25rem);font-weight:400;font-style:normal;font-family:'Baloo Tammudu 2';}.wp-block-kadence-advancedheading.kt-adv-heading8_3d3a1c-85 mark.kt-highlight, .wp-block-kadence-advancedheading.kt-adv-heading8_3d3a1c-85[data-kb-block=\"kb-adv-heading8_3d3a1c-85\"] mark.kt-highlight{font-style:normal;color:#f76a0c;-webkit-box-decoration-break:clone;box-decoration-break:clone;padding-top:0px;padding-right:0px;padding-bottom:0px;padding-left:0px;}<\/style>\n<h2 class=\"kt-adv-heading8_3d3a1c-85 wp-block-kadence-advancedheading\" data-kb-block=\"kb-adv-heading8_3d3a1c-85\">Despu\u00e9s de muchos a\u00f1os trabajando en una f\u00e1brica y cansada de no sentirme realizada, decid\u00ed dar una cambio a mi vida.<br><br>Siempre me ha encantado dise\u00f1ar, as\u00ed que me puse manos a la obra. <br><\/h2>\n<\/div><\/div>\n\n<\/div><\/div><\/div><\/div>\n\n<\/div><\/div>","protected":false},"excerpt":{"rendered":"<p>DISE\u00d1ADORA GR\u00c1FICA \u00bfQui\u00e9n soy yo? Mi nombre es Mar\u00eda Casas Despu\u00e9s de muchos a\u00f1os trabajando en una f\u00e1brica y cansada de no sentirme realizada, decid\u00ed dar una cambio a mi vida. Siempre me ha encantado dise\u00f1ar, as\u00ed que me puse manos a la obra.<\/p>\n","protected":false},"author":1,"featured_media":0,"parent":0,"menu_order":1,"comment_status":"closed","ping_status":"closed","template":"","meta":{"footnotes":""},"class_list":["post-8","page","type-page","status-publish","hentry"],"yoast_head":"<!-- This site is optimized with the Yoast SEO plugin v25.1 - https:\/\/yoast.com\/wordpress\/plugins\/seo\/ -->\n<title>Inicio - CV Maria Casas<\/title>\n<meta name=\"description\" content=\"Inicio - CV Maria Casas\" \/>\n<meta name=\"robots\" content=\"index, follow, max-snippet:-1, max-image-preview:large, max-video-preview:-1\" \/>\n<link rel=\"canonical\" href=\"https:\/\/mariacasascv.es\/\" \/>\n<meta property=\"og:locale\" content=\"es_ES\" \/>\n<meta property=\"og:type\" content=\"article\" \/>\n<meta property=\"og:title\" content=\"Inicio - CV Maria Casas\" \/>\n<meta property=\"og:description\" content=\"Inicio - CV Maria Casas\" \/>\n<meta property=\"og:url\" content=\"https:\/\/mariacasascv.es\/\" \/>\n<meta property=\"og:site_name\" content=\"CV Maria Casas\" \/>\n<meta property=\"article:modified_time\" content=\"2024-06-25T18:47:33+00:00\" \/>\n<meta property=\"og:image\" content=\"http:\/\/mariacasascv.es\/wp-content\/uploads\/2024\/05\/cropped-Foto-monatada-liechentein-capas-copia-2-e1717146129178.png\" \/>\n<meta name=\"twitter:card\" content=\"summary_large_image\" \/>\n<script type=\"application\/ld+json\" class=\"yoast-schema-graph\">{\"@context\":\"https:\/\/schema.org\",\"@graph\":[{\"@type\":\"WebPage\",\"@id\":\"https:\/\/mariacasascv.es\/\",\"url\":\"https:\/\/mariacasascv.es\/\",\"name\":\"Inicio - CV Maria Casas\",\"isPartOf\":{\"@id\":\"https:\/\/mariacasascv.es\/#website\"},\"primaryImageOfPage\":{\"@id\":\"https:\/\/mariacasascv.es\/#primaryimage\"},\"image\":{\"@id\":\"https:\/\/mariacasascv.es\/#primaryimage\"},\"thumbnailUrl\":\"http:\/\/mariacasascv.es\/wp-content\/uploads\/2024\/05\/cropped-Foto-monatada-liechentein-capas-copia-2-e1717146129178.png\",\"datePublished\":\"2024-05-28T11:01:17+00:00\",\"dateModified\":\"2024-06-25T18:47:33+00:00\",\"description\":\"Inicio - CV Maria Casas\",\"breadcrumb\":{\"@id\":\"https:\/\/mariacasascv.es\/#breadcrumb\"},\"inLanguage\":\"es\",\"potentialAction\":[{\"@type\":\"ReadAction\",\"target\":[\"https:\/\/mariacasascv.es\/\"]}]},{\"@type\":\"ImageObject\",\"inLanguage\":\"es\",\"@id\":\"https:\/\/mariacasascv.es\/#primaryimage\",\"url\":\"https:\/\/mariacasascv.es\/wp-content\/uploads\/2024\/05\/cropped-Foto-monatada-liechentein-capas-copia-2-e1717146129178.png\",\"contentUrl\":\"https:\/\/mariacasascv.es\/wp-content\/uploads\/2024\/05\/cropped-Foto-monatada-liechentein-capas-copia-2-e1717146129178.png\",\"width\":150,\"height\":331,\"caption\":\"foto maria\"},{\"@type\":\"BreadcrumbList\",\"@id\":\"https:\/\/mariacasascv.es\/#breadcrumb\",\"itemListElement\":[{\"@type\":\"ListItem\",\"position\":1,\"name\":\"Portada\",\"item\":\"https:\/\/mariacasascv.es\/\"},{\"@type\":\"ListItem\",\"position\":2,\"name\":\"Inicio\"}]},{\"@type\":\"WebSite\",\"@id\":\"https:\/\/mariacasascv.es\/#website\",\"url\":\"https:\/\/mariacasascv.es\/\",\"name\":\"CV Maria Casas\",\"description\":\"Curriculum Vitae Maria Casas\",\"publisher\":{\"@id\":\"https:\/\/mariacasascv.es\/#organization\"},\"alternateName\":\"Curr\u00edculum Mar\u00eda Casas\",\"potentialAction\":[{\"@type\":\"SearchAction\",\"target\":{\"@type\":\"EntryPoint\",\"urlTemplate\":\"https:\/\/mariacasascv.es\/?s={search_term_string}\"},\"query-input\":{\"@type\":\"PropertyValueSpecification\",\"valueRequired\":true,\"valueName\":\"search_term_string\"}}],\"inLanguage\":\"es\"},{\"@type\":\"Organization\",\"@id\":\"https:\/\/mariacasascv.es\/#organization\",\"name\":\"CV Maria Casas\",\"url\":\"https:\/\/mariacasascv.es\/\",\"logo\":{\"@type\":\"ImageObject\",\"inLanguage\":\"es\",\"@id\":\"https:\/\/mariacasascv.es\/#\/schema\/logo\/image\/\",\"url\":\"https:\/\/mariacasascv.es\/wp-content\/uploads\/2024\/05\/cropped-cropped-cropped-Maria-Casas1.png\",\"contentUrl\":\"https:\/\/mariacasascv.es\/wp-content\/uploads\/2024\/05\/cropped-cropped-cropped-Maria-Casas1.png\",\"width\":300,\"height\":184,\"caption\":\"CV Maria Casas\"},\"image\":{\"@id\":\"https:\/\/mariacasascv.es\/#\/schema\/logo\/image\/\"}}]}<\/script>\n<!-- \/ Yoast SEO plugin. -->","yoast_head_json":{"title":"Inicio - CV Maria Casas","description":"Inicio - CV Maria Casas","robots":{"index":"index","follow":"follow","max-snippet":"max-snippet:-1","max-image-preview":"max-image-preview:large","max-video-preview":"max-video-preview:-1"},"canonical":"https:\/\/mariacasascv.es\/","og_locale":"es_ES","og_type":"article","og_title":"Inicio - CV Maria Casas","og_description":"Inicio - CV Maria Casas","og_url":"https:\/\/mariacasascv.es\/","og_site_name":"CV Maria Casas","article_modified_time":"2024-06-25T18:47:33+00:00","og_image":[{"url":"http:\/\/mariacasascv.es\/wp-content\/uploads\/2024\/05\/cropped-Foto-monatada-liechentein-capas-copia-2-e1717146129178.png","type":"","width":"","height":""}],"twitter_card":"summary_large_image","schema":{"@context":"https:\/\/schema.org","@graph":[{"@type":"WebPage","@id":"https:\/\/mariacasascv.es\/","url":"https:\/\/mariacasascv.es\/","name":"Inicio - CV Maria Casas","isPartOf":{"@id":"https:\/\/mariacasascv.es\/#website"},"primaryImageOfPage":{"@id":"https:\/\/mariacasascv.es\/#primaryimage"},"image":{"@id":"https:\/\/mariacasascv.es\/#primaryimage"},"thumbnailUrl":"http:\/\/mariacasascv.es\/wp-content\/uploads\/2024\/05\/cropped-Foto-monatada-liechentein-capas-copia-2-e1717146129178.png","datePublished":"2024-05-28T11:01:17+00:00","dateModified":"2024-06-25T18:47:33+00:00","description":"Inicio - CV Maria Casas","breadcrumb":{"@id":"https:\/\/mariacasascv.es\/#breadcrumb"},"inLanguage":"es","potentialAction":[{"@type":"ReadAction","target":["https:\/\/mariacasascv.es\/"]}]},{"@type":"ImageObject","inLanguage":"es","@id":"https:\/\/mariacasascv.es\/#primaryimage","url":"https:\/\/mariacasascv.es\/wp-content\/uploads\/2024\/05\/cropped-Foto-monatada-liechentein-capas-copia-2-e1717146129178.png","contentUrl":"https:\/\/mariacasascv.es\/wp-content\/uploads\/2024\/05\/cropped-Foto-monatada-liechentein-capas-copia-2-e1717146129178.png","width":150,"height":331,"caption":"foto maria"},{"@type":"BreadcrumbList","@id":"https:\/\/mariacasascv.es\/#breadcrumb","itemListElement":[{"@type":"ListItem","position":1,"name":"Portada","item":"https:\/\/mariacasascv.es\/"},{"@type":"ListItem","position":2,"name":"Inicio"}]},{"@type":"WebSite","@id":"https:\/\/mariacasascv.es\/#website","url":"https:\/\/mariacasascv.es\/","name":"CV Maria Casas","description":"Curriculum Vitae Maria Casas","publisher":{"@id":"https:\/\/mariacasascv.es\/#organization"},"alternateName":"Curr\u00edculum Mar\u00eda Casas","potentialAction":[{"@type":"SearchAction","target":{"@type":"EntryPoint","urlTemplate":"https:\/\/mariacasascv.es\/?s={search_term_string}"},"query-input":{"@type":"PropertyValueSpecification","valueRequired":true,"valueName":"search_term_string"}}],"inLanguage":"es"},{"@type":"Organization","@id":"https:\/\/mariacasascv.es\/#organization","name":"CV Maria Casas","url":"https:\/\/mariacasascv.es\/","logo":{"@type":"ImageObject","inLanguage":"es","@id":"https:\/\/mariacasascv.es\/#\/schema\/logo\/image\/","url":"https:\/\/mariacasascv.es\/wp-content\/uploads\/2024\/05\/cropped-cropped-cropped-Maria-Casas1.png","contentUrl":"https:\/\/mariacasascv.es\/wp-content\/uploads\/2024\/05\/cropped-cropped-cropped-Maria-Casas1.png","width":300,"height":184,"caption":"CV Maria Casas"},"image":{"@id":"https:\/\/mariacasascv.es\/#\/schema\/logo\/image\/"}}]}},"jetpack_sharing_enabled":true,"_links":{"self":[{"href":"https:\/\/mariacasascv.es\/index.php?rest_route=\/wp\/v2\/pages\/8","targetHints":{"allow":["GET"]}}],"collection":[{"href":"https:\/\/mariacasascv.es\/index.php?rest_route=\/wp\/v2\/pages"}],"about":[{"href":"https:\/\/mariacasascv.es\/index.php?rest_route=\/wp\/v2\/types\/page"}],"author":[{"embeddable":true,"href":"https:\/\/mariacasascv.es\/index.php?rest_route=\/wp\/v2\/users\/1"}],"replies":[{"embeddable":true,"href":"https:\/\/mariacasascv.es\/index.php?rest_route=%2Fwp%2Fv2%2Fcomments&post=8"}],"version-history":[{"count":45,"href":"https:\/\/mariacasascv.es\/index.php?rest_route=\/wp\/v2\/pages\/8\/revisions"}],"predecessor-version":[{"id":374,"href":"https:\/\/mariacasascv.es\/index.php?rest_route=\/wp\/v2\/pages\/8\/revisions\/374"}],"wp:attachment":[{"href":"https:\/\/mariacasascv.es\/index.php?rest_route=%2Fwp%2Fv2%2Fmedia&parent=8"}],"curies":[{"name":"wp","href":"https:\/\/api.w.org\/{rel}","templated":true}]}}